{"id":41,"date":"2019-05-07T17:39:25","date_gmt":"2019-05-07T15:39:25","guid":{"rendered":"https:\/\/pepperstrings.ch\/?page_id=41"},"modified":"2025-04-13T17:30:55","modified_gmt":"2025-04-13T15:30:55","slug":"pepper-strings-sind-eine-musik-band-aus-dem-aargau-mit-oldies-und-hits-fuer-ihre-party","status":"publish","type":"page","link":"https:\/\/pepperstrings.ch\/","title":{"rendered":"Pepper Strings"},"content":{"rendered":"<h4>Die Musikband mit Pfeffer!<br \/>Geniessen Sie Fine Vintage Sound an Ihrem n\u00e4chsten Fest oder Ihrer Party mit <br \/>Hits und Oldies zum Tanzen und Mitsingen:<br \/>Rock\u2019n\u2019Roll, Rockabilly, Blues, Country, Folk, Pop im Stil der 50er und 60er Jahre<\/h4>\n<p><img loading=\"lazy\" decoding=\"async\" src=\"https:\/\/pepperstrings.ch\/wp-content\/uploads\/2020\/02\/pepperstrings-s-1-768x432.jpg\" sizes=\"auto, (max-width: 768px) 100vw, 768px\" srcset=\"https:\/\/pepperstrings.ch\/wp-content\/uploads\/2020\/02\/pepperstrings-s-1-768x432.jpg 768w, https:\/\/pepperstrings.ch\/wp-content\/uploads\/2020\/02\/pepperstrings-s-1-300x169.jpg 300w, https:\/\/pepperstrings.ch\/wp-content\/uploads\/2020\/02\/pepperstrings-s-1-1024x576.jpg 1024w, https:\/\/pepperstrings.ch\/wp-content\/uploads\/2020\/02\/pepperstrings-s-1-1536x864.jpg 1536w, https:\/\/pepperstrings.ch\/wp-content\/uploads\/2020\/02\/pepperstrings-s-1.jpg 1920w\" alt=\"\" width=\"768\" height=\"432\" \/><\/p>\n<p>\u00a0<\/p>\n<p>\u00a0<\/p>\n<p>\u00a0<\/p>\n\n\n<div class=\"wp-block-columns is-layout-flex wp-container-core-columns-is-layout-9d6595d7 wp-block-columns-is-layout-flex\">\n<div class=\"wp-block-column is-layout-flow wp-block-column-is-layout-flow\" style=\"flex-basis:33.33%\">\n<figure class=\"wp-block-image size-large\"><img loading=\"lazy\" decoding=\"async\" width=\"685\" height=\"1024\" src=\"https:\/\/pepperstrings.ch\/wp-content\/uploads\/2020\/02\/w\u00f6rni-s-685x1024.jpg\" alt=\"W\u00f6rni\" class=\"wp-image-732\" srcset=\"https:\/\/pepperstrings.ch\/wp-content\/uploads\/2020\/02\/w\u00f6rni-s-685x1024.jpg 685w, https:\/\/pepperstrings.ch\/wp-content\/uploads\/2020\/02\/w\u00f6rni-s-201x300.jpg 201w, https:\/\/pepperstrings.ch\/wp-content\/uploads\/2020\/02\/w\u00f6rni-s-768x1148.jpg 768w, https:\/\/pepperstrings.ch\/wp-content\/uploads\/2020\/02\/w\u00f6rni-s-1027x1536.jpg 1027w, https:\/\/pepperstrings.ch\/wp-content\/uploads\/2020\/02\/w\u00f6rni-s-1370x2048.jpg 1370w, https:\/\/pepperstrings.ch\/wp-content\/uploads\/2020\/02\/w\u00f6rni-s-scaled.jpg 1712w\" sizes=\"auto, (max-width: 685px) 100vw, 685px\" \/><\/figure>\n<\/div>\n\n\n\n<div class=\"wp-block-column is-layout-flow wp-block-column-is-layout-flow\" style=\"flex-basis:66.66%\">\n<h3 class=\"wp-block-heading\">W\u00f6rni<\/h3>\n\n\n\n<p>W\u00f6rni, Gr\u00fcnder der Pepper Strings und Frontmann (Rhythmus-Gitarre, Gesang). Seine Statur ist ebenso beeindruckend wie die Kraft seiner Stimme. Er ist eine wandelnde Juke-Box \u2013 insbesondere die Songs seines Idols Elvis kennt er in- und auswendig. Wenn er die mit Details gespickten Geschichten seiner Vorbilder erz\u00e4hlt, k\u00f6nnte man meinen, er habe sie alle pers\u00f6nlich gekannt.&nbsp;<\/p>\n<\/div>\n<\/div>\n\n\n\n<div style=\"height:50px\" aria-hidden=\"true\" class=\"wp-block-spacer\"><\/div>\n\n\n\n<div class=\"wp-block-columns is-layout-flex wp-container-core-columns-is-layout-9d6595d7 wp-block-columns-is-layout-flex\">\n<div class=\"wp-block-column is-layout-flow wp-block-column-is-layout-flow\" style=\"flex-basis:66.66%\">\n<h3 class=\"wp-block-heading\">Monika<\/h3>\n\n\n\n<p>Monika, \u00dcbername \u00abHaarmonika\u00bb (Bluesharp, Percussion, Gesang). Nomen est omen\u2026. Sie ist der Wirbelwind der Band. Heimlich tr\u00e4gt sie die Hosen in der Formation. &nbsp;Mit ihrer Stimme und Mundharmonika heizt sie ihren Bandkollegen und den Zuh\u00f6rern ein. Auch ein T\u00e4nzchen auf der B\u00fchne, ein Spass oder ein Flirt mit dem Publikum sind bei ihr nie auszuschliessen.<\/p>\n<\/div>\n\n\n\n<div class=\"wp-block-column is-layout-flow wp-block-column-is-layout-flow\" style=\"flex-basis:33.33%\">\n<figure class=\"wp-block-image size-large\"><img loading=\"lazy\" decoding=\"async\" width=\"669\" height=\"1024\" src=\"https:\/\/pepperstrings.ch\/wp-content\/uploads\/2020\/02\/monika-s-669x1024.jpg\" alt=\"Monika\" class=\"wp-image-731\" srcset=\"https:\/\/pepperstrings.ch\/wp-content\/uploads\/2020\/02\/monika-s-669x1024.jpg 669w, https:\/\/pepperstrings.ch\/wp-content\/uploads\/2020\/02\/monika-s-196x300.jpg 196w, https:\/\/pepperstrings.ch\/wp-content\/uploads\/2020\/02\/monika-s-768x1175.jpg 768w, https:\/\/pepperstrings.ch\/wp-content\/uploads\/2020\/02\/monika-s-1004x1536.jpg 1004w, https:\/\/pepperstrings.ch\/wp-content\/uploads\/2020\/02\/monika-s-1338x2048.jpg 1338w, https:\/\/pepperstrings.ch\/wp-content\/uploads\/2020\/02\/monika-s-scaled.jpg 1673w\" sizes=\"auto, (max-width: 669px) 100vw, 669px\" \/><\/figure>\n<\/div>\n<\/div>\n\n\n\n<div style=\"height:50px\" aria-hidden=\"true\" class=\"wp-block-spacer\"><\/div>\n\n\n\n<div class=\"wp-block-columns is-layout-flex wp-container-core-columns-is-layout-9d6595d7 wp-block-columns-is-layout-flex\">\n<div class=\"wp-block-column is-layout-flow wp-block-column-is-layout-flow\" style=\"flex-basis:33.33%\">\n<figure class=\"wp-block-image size-large\"><img loading=\"lazy\" decoding=\"async\" width=\"691\" height=\"1024\" src=\"https:\/\/pepperstrings.ch\/wp-content\/uploads\/2020\/02\/christian-s-691x1024.jpg\" alt=\"Christian\" class=\"wp-image-728\" srcset=\"https:\/\/pepperstrings.ch\/wp-content\/uploads\/2020\/02\/christian-s-691x1024.jpg 691w, https:\/\/pepperstrings.ch\/wp-content\/uploads\/2020\/02\/christian-s-203x300.jpg 203w, https:\/\/pepperstrings.ch\/wp-content\/uploads\/2020\/02\/christian-s-768x1138.jpg 768w, https:\/\/pepperstrings.ch\/wp-content\/uploads\/2020\/02\/christian-s-1037x1536.jpg 1037w, https:\/\/pepperstrings.ch\/wp-content\/uploads\/2020\/02\/christian-s-1383x2048.jpg 1383w, https:\/\/pepperstrings.ch\/wp-content\/uploads\/2020\/02\/christian-s-scaled.jpg 1728w\" sizes=\"auto, (max-width: 691px) 100vw, 691px\" \/><\/figure>\n<\/div>\n\n\n\n<div class=\"wp-block-column is-layout-flow wp-block-column-is-layout-flow\" style=\"flex-basis:66.66%\">\n<h3 class=\"wp-block-heading\">Christian<\/h3>\n\n\n\n<p>Christian, verl\u00e4sslicher Groove-Teppichleger (e-Bass). Immer voll konzentriert und das zuverl\u00e4ssige Fundament der Band. Er ist ein lebendes Lexikon: sein Wissen \u00fcber Musiker und Bands, die Musikgeschichte oder Musiktheorie ist unermesslich. Seine Wunschliste von Songs, die er ins Bandrepertoire aufnehmen m\u00f6chte, ist ebenso unendlich. Weil er so viele Lieder kennt, kann er sich f\u00fcr keines entscheiden und m\u00f6chte am liebsten gleich alle spielen.<\/p>\n<\/div>\n\n\n\n<div class=\"wp-block-column is-layout-flow wp-block-column-is-layout-flow\"><\/div>\n<\/div>\n\n\n\n<div style=\"height:50px\" aria-hidden=\"true\" class=\"wp-block-spacer\"><\/div>\n\n\n\n<div class=\"wp-block-columns is-layout-flex wp-container-core-columns-is-layout-9d6595d7 wp-block-columns-is-layout-flex\">\n<div class=\"wp-block-column is-layout-flow wp-block-column-is-layout-flow\" style=\"flex-basis:66.66%\">\n<h3 class=\"wp-block-heading\">Dani<\/h3>\n\n\n\n<p>Dani, unser Selfmade-Wunderkind. Erstens hat er sich das Gitarrenspiel selber beigebracht. Zweitens sind keine elektronischen Bauteile vor ihm sicher. Aus seinen selbstgebauten Verst\u00e4rkern holt er unglaubliche Effekte und gar den authentischen Federhall Sound auf die B\u00fchne. So ist es wahrlich keine \u00fcbertriebene Behauptung, dass manch bekannter Amplifier-Hersteller sich warm anziehen muss, wenn Dani seinen Superbooster dr\u00fcckt.<\/p>\n<\/div>\n\n\n\n<div class=\"wp-block-column is-layout-flow wp-block-column-is-layout-flow\" style=\"flex-basis:33.33%\">\n<figure class=\"wp-block-image size-large\"><img loading=\"lazy\" decoding=\"async\" width=\"683\" height=\"1024\" src=\"https:\/\/pepperstrings.ch\/wp-content\/uploads\/2020\/02\/dani-s-683x1024.jpg\" alt=\"Dani\" class=\"wp-image-730\" srcset=\"https:\/\/pepperstrings.ch\/wp-content\/uploads\/2020\/02\/dani-s-683x1024.jpg 683w, https:\/\/pepperstrings.ch\/wp-content\/uploads\/2020\/02\/dani-s-200x300.jpg 200w, https:\/\/pepperstrings.ch\/wp-content\/uploads\/2020\/02\/dani-s-768x1152.jpg 768w, https:\/\/pepperstrings.ch\/wp-content\/uploads\/2020\/02\/dani-s-1024x1536.jpg 1024w, https:\/\/pepperstrings.ch\/wp-content\/uploads\/2020\/02\/dani-s-1365x2048.jpg 1365w, https:\/\/pepperstrings.ch\/wp-content\/uploads\/2020\/02\/dani-s-scaled.jpg 1707w\" sizes=\"auto, (max-width: 683px) 100vw, 683px\" \/><\/figure>\n<\/div>\n<\/div>\n\n\n\n<div style=\"height:50px\" aria-hidden=\"true\" class=\"wp-block-spacer\"><\/div>\n\n\n\n<div class=\"wp-block-columns is-layout-flex wp-container-core-columns-is-layout-9d6595d7 wp-block-columns-is-layout-flex\">\n<div class=\"wp-block-column is-layout-flow wp-block-column-is-layout-flow\" style=\"flex-basis:33.33%\">\n<figure class=\"wp-block-image size-large\"><img loading=\"lazy\" decoding=\"async\" width=\"684\" height=\"1024\" src=\"https:\/\/pepperstrings.ch\/wp-content\/uploads\/2020\/02\/gabriel-s-684x1024.jpg\" alt=\"\" class=\"wp-image-729\" srcset=\"https:\/\/pepperstrings.ch\/wp-content\/uploads\/2020\/02\/gabriel-s-684x1024.jpg 684w, https:\/\/pepperstrings.ch\/wp-content\/uploads\/2020\/02\/gabriel-s-200x300.jpg 200w, https:\/\/pepperstrings.ch\/wp-content\/uploads\/2020\/02\/gabriel-s-768x1150.jpg 768w, https:\/\/pepperstrings.ch\/wp-content\/uploads\/2020\/02\/gabriel-s-1026x1536.jpg 1026w, https:\/\/pepperstrings.ch\/wp-content\/uploads\/2020\/02\/gabriel-s-1367x2048.jpg 1367w, https:\/\/pepperstrings.ch\/wp-content\/uploads\/2020\/02\/gabriel-s-scaled.jpg 1709w\" sizes=\"auto, (max-width: 684px) 100vw, 684px\" \/><\/figure>\n<\/div>\n\n\n\n<div class=\"wp-block-column is-layout-flow wp-block-column-is-layout-flow\" style=\"flex-basis:66.66%\">\n<h3 class=\"wp-block-heading\">Gabriel<\/h3>\n\n\n\n<p>Gabriel, unerbittlicher Taktgeber (Drums). Sein Herz ist weich, sein Schlag ist hart \u2013 und eher von der lauten Sorte\u2026. Seinem feinen Musikgeh\u00f6r scheint dies jedoch nicht zu schaden, h\u00f6rt er doch den auch noch so kleinsten Misston seiner Bandmitglieder sofort heraus. Ger\u00fcchten zufolge wurde er an Gigs auch schon als unschuldiger Erzengel mit weissem Lockenhaar oder mit Beatles-Pilzkopf gesichtet.<\/p>\n<\/div>\n<\/div>\n","protected":false},"excerpt":{"rendered":"<p>Die Musikband mit Pfeffer!Geniessen Sie Fine Vintage Sound an Ihrem n\u00e4chsten Fest oder Ihrer Party mit Hits und Oldies zum Tanzen und Mitsingen:Rock\u2019n\u2019Roll, Rockabilly, Blues, Country, Folk, Pop im Stil der 50er und 60er Jahre \u00a0 \u00a0 \u00a0 W\u00f6rni W\u00f6rni, Gr\u00fcnder der Pepper Strings und <span class=\"read-more\"><a class=\"more-link btn btn-transparent\" href=\"https:\/\/pepperstrings.ch\/\">Read More &#8230;<\/a><\/span><\/p>\n","protected":false},"author":1,"featured_media":0,"parent":0,"menu_order":0,"comment_status":"closed","ping_status":"closed","template":"","meta":{"footnotes":""},"folder":[],"class_list":["post-41","page","type-page","status-publish","hentry"],"_links":{"self":[{"href":"https:\/\/pepperstrings.ch\/index.php\/wp-json\/wp\/v2\/pages\/41","targetHints":{"allow":["GET"]}}],"collection":[{"href":"https:\/\/pepperstrings.ch\/index.php\/wp-json\/wp\/v2\/pages"}],"about":[{"href":"https:\/\/pepperstrings.ch\/index.php\/wp-json\/wp\/v2\/types\/page"}],"author":[{"embeddable":true,"href":"https:\/\/pepperstrings.ch\/index.php\/wp-json\/wp\/v2\/users\/1"}],"replies":[{"embeddable":true,"href":"https:\/\/pepperstrings.ch\/index.php\/wp-json\/wp\/v2\/comments?post=41"}],"version-history":[{"count":8,"href":"https:\/\/pepperstrings.ch\/index.php\/wp-json\/wp\/v2\/pages\/41\/revisions"}],"predecessor-version":[{"id":1709,"href":"https:\/\/pepperstrings.ch\/index.php\/wp-json\/wp\/v2\/pages\/41\/revisions\/1709"}],"wp:attachment":[{"href":"https:\/\/pepperstrings.ch\/index.php\/wp-json\/wp\/v2\/media?parent=41"}],"wp:term":[{"taxonomy":"folder","embeddable":true,"href":"https:\/\/pepperstrings.ch\/index.php\/wp-json\/wp\/v2\/folder?post=41"}],"curies":[{"name":"wp","href":"https:\/\/api.w.org\/{rel}","templated":true}]}}