{"id":1605,"date":"2024-03-11T23:33:54","date_gmt":"2024-03-11T21:33:54","guid":{"rendered":"https:\/\/pepperstrings.ch\/?page_id=1605"},"modified":"2026-02-08T17:40:07","modified_gmt":"2026-02-08T15:40:07","slug":"referenzen","status":"publish","type":"page","link":"https:\/\/pepperstrings.ch\/index.php\/referenzen\/","title":{"rendered":"Referenzen"},"content":{"rendered":"\n<p>17. Jan 26 Privatanlass, Schlossrued<\/p>\n\n\n\n<p>19. Sep 25 Sp\u00e4ktrum, K\u00f6lliken<\/p>\n\n\n\n<figure class=\"wp-block-image size-large\"><img loading=\"lazy\" decoding=\"async\" width=\"1600\" height=\"900\" src=\"https:\/\/pepperstrings.ch\/wp-content\/uploads\/2025\/09\/JPEG-Bild-4C6C-A412-4F-0-edited.jpeg\" alt=\"\" class=\"wp-image-1831\" srcset=\"https:\/\/pepperstrings.ch\/wp-content\/uploads\/2025\/09\/JPEG-Bild-4C6C-A412-4F-0-edited.jpeg 1600w, https:\/\/pepperstrings.ch\/wp-content\/uploads\/2025\/09\/JPEG-Bild-4C6C-A412-4F-0-edited-300x169.jpeg 300w, https:\/\/pepperstrings.ch\/wp-content\/uploads\/2025\/09\/JPEG-Bild-4C6C-A412-4F-0-edited-1024x576.jpeg 1024w, https:\/\/pepperstrings.ch\/wp-content\/uploads\/2025\/09\/JPEG-Bild-4C6C-A412-4F-0-edited-768x432.jpeg 768w, https:\/\/pepperstrings.ch\/wp-content\/uploads\/2025\/09\/JPEG-Bild-4C6C-A412-4F-0-edited-1536x864.jpeg 1536w, https:\/\/pepperstrings.ch\/wp-content\/uploads\/2025\/09\/JPEG-Bild-4C6C-A412-4F-0-edited-1320x743.jpeg 1320w\" sizes=\"auto, (max-width: 1600px) 100vw, 1600px\" \/><\/figure>\n\n\n\n<p>28. Jun 25 Manhattan Bar, Rheinfelden<\/p>\n\n\n\n<figure class=\"wp-block-image size-large is-resized\"><img loading=\"lazy\" decoding=\"async\" width=\"1024\" height=\"578\" src=\"https:\/\/pepperstrings.ch\/wp-content\/uploads\/2025\/06\/20250628_191842-1024x578.jpg\" alt=\"\" class=\"wp-image-1784\" style=\"width:383px;height:auto\" srcset=\"https:\/\/pepperstrings.ch\/wp-content\/uploads\/2025\/06\/20250628_191842-1024x578.jpg 1024w, https:\/\/pepperstrings.ch\/wp-content\/uploads\/2025\/06\/20250628_191842-300x169.jpg 300w, https:\/\/pepperstrings.ch\/wp-content\/uploads\/2025\/06\/20250628_191842-768x433.jpg 768w, https:\/\/pepperstrings.ch\/wp-content\/uploads\/2025\/06\/20250628_191842-1536x866.jpg 1536w, https:\/\/pepperstrings.ch\/wp-content\/uploads\/2025\/06\/20250628_191842-2048x1155.jpg 2048w, https:\/\/pepperstrings.ch\/wp-content\/uploads\/2025\/06\/20250628_191842-1320x744.jpg 1320w\" sizes=\"auto, (max-width: 1024px) 100vw, 1024px\" \/><\/figure>\n\n\n\n<p><\/p>\n\n\n\n<p>20. Jun 25 Openair Aeschbachhalle AHA, Aarau<\/p>\n\n\n\n<figure class=\"wp-block-image size-large is-resized\"><img loading=\"lazy\" decoding=\"async\" width=\"1024\" height=\"991\" src=\"https:\/\/pepperstrings.ch\/wp-content\/uploads\/2025\/08\/Pepper-Strings-26-scaled-e1754846999654-1024x991.jpg\" alt=\"\" class=\"wp-image-1799\" style=\"aspect-ratio:3\/4;object-fit:cover;width:383px\" srcset=\"https:\/\/pepperstrings.ch\/wp-content\/uploads\/2025\/08\/Pepper-Strings-26-scaled-e1754846999654-1024x991.jpg 1024w, https:\/\/pepperstrings.ch\/wp-content\/uploads\/2025\/08\/Pepper-Strings-26-scaled-e1754846999654-300x290.jpg 300w, https:\/\/pepperstrings.ch\/wp-content\/uploads\/2025\/08\/Pepper-Strings-26-scaled-e1754846999654-768x743.jpg 768w, https:\/\/pepperstrings.ch\/wp-content\/uploads\/2025\/08\/Pepper-Strings-26-scaled-e1754846999654-1536x1486.jpg 1536w, https:\/\/pepperstrings.ch\/wp-content\/uploads\/2025\/08\/Pepper-Strings-26-scaled-e1754846999654-1320x1277.jpg 1320w, https:\/\/pepperstrings.ch\/wp-content\/uploads\/2025\/08\/Pepper-Strings-26-scaled-e1754846999654.jpg 1702w\" sizes=\"auto, (max-width: 1024px) 100vw, 1024px\" \/><\/figure>\n\n\n\n<p>21. Nov 24 Firmenjubil\u00e4um, Z\u00fcrich<\/p>\n\n\n\n<p>21. Sep 24 St. Ursen Chilbi, Kestenholz<\/p>\n\n\n\n<p>30. Aug 24 Sommerfest, K\u00f6lliken<\/p>\n\n\n\n<p>29. Jun 24 Restaurant Sonne, K\u00f6lliken<\/p>\n\n\n\n<p>8. Jun 24 Privatanlass Geburtstagsfeier, Solothurn<\/p>\n\n\n\n<p>31. Mai 24 Jugendfest, Auenstein<\/p>\n\n\n\n<figure class=\"wp-block-image size-medium\"><img loading=\"lazy\" decoding=\"async\" width=\"300\" height=\"225\" src=\"https:\/\/pepperstrings.ch\/wp-content\/uploads\/2024\/06\/Auenstein-300x225.jpeg\" alt=\"\" class=\"wp-image-1624\" srcset=\"https:\/\/pepperstrings.ch\/wp-content\/uploads\/2024\/06\/Auenstein-300x225.jpeg 300w, https:\/\/pepperstrings.ch\/wp-content\/uploads\/2024\/06\/Auenstein-1024x768.jpeg 1024w, https:\/\/pepperstrings.ch\/wp-content\/uploads\/2024\/06\/Auenstein-768x576.jpeg 768w, https:\/\/pepperstrings.ch\/wp-content\/uploads\/2024\/06\/Auenstein-1536x1152.jpeg 1536w, https:\/\/pepperstrings.ch\/wp-content\/uploads\/2024\/06\/Auenstein-840x630.jpeg 840w, https:\/\/pepperstrings.ch\/wp-content\/uploads\/2024\/06\/Auenstein-90x68.jpeg 90w, https:\/\/pepperstrings.ch\/wp-content\/uploads\/2024\/06\/Auenstein.jpeg 2048w\" sizes=\"auto, (max-width: 300px) 100vw, 300px\" \/><\/figure>\n\n\n\n<p>13. Apr 24 Gewerbeausstellung, Reitnau<\/p>\n\n\n\n<p>16. Mar 24 Ausstellung Camping Generation, K\u00f6lliken<\/p>\n\n\n\n<ol start=\"17\" class=\"wp-block-list\">\n<li>Feb 24 Dampfschiffbar, Brugg<\/li>\n<\/ol>\n\n\n\n<p>2. Sep 23 Steinbruch-Festival, Auenstein<\/p>\n\n\n\n<figure class=\"wp-block-image size-medium is-resized\"><img loading=\"lazy\" decoding=\"async\" width=\"300\" height=\"200\" src=\"https:\/\/pepperstrings.ch\/wp-content\/uploads\/2024\/01\/2_Pepperstrings-42-300x200.jpg\" alt=\"\" class=\"wp-image-1504\" style=\"width:300px;height:auto\" srcset=\"https:\/\/pepperstrings.ch\/wp-content\/uploads\/2024\/01\/2_Pepperstrings-42-scaled-300x200.jpg 300w, https:\/\/pepperstrings.ch\/wp-content\/uploads\/2024\/01\/2_Pepperstrings-42-1024x683.jpg 1024w, https:\/\/pepperstrings.ch\/wp-content\/uploads\/2024\/01\/2_Pepperstrings-42-768x512.jpg 768w, https:\/\/pepperstrings.ch\/wp-content\/uploads\/2024\/01\/2_Pepperstrings-42-1536x1024.jpg 1536w, https:\/\/pepperstrings.ch\/wp-content\/uploads\/2024\/01\/2_Pepperstrings-42-2048x1365.jpg 2048w, https:\/\/pepperstrings.ch\/wp-content\/uploads\/2024\/01\/2_Pepperstrings-42-420x280.jpg 420w, https:\/\/pepperstrings.ch\/wp-content\/uploads\/2024\/01\/2_Pepperstrings-42-385x257.jpg 385w, https:\/\/pepperstrings.ch\/wp-content\/uploads\/2024\/01\/2_Pepperstrings-42-1320x880.jpg 1320w, https:\/\/pepperstrings.ch\/wp-content\/uploads\/2024\/01\/2_Pepperstrings-42-scaled-150x100.jpg 150w\" sizes=\"auto, (max-width: 300px) 100vw, 300px\" \/><\/figure>\n\n\n\n<p>17. Jun 23 Screwdriver Bar, Langenthal<\/p>\n\n\n\n<figure class=\"wp-block-image size-medium\"><img loading=\"lazy\" decoding=\"async\" width=\"300\" height=\"169\" src=\"https:\/\/pepperstrings.ch\/wp-content\/uploads\/2023\/06\/IMG_6021-300x169.jpeg\" alt=\"\" class=\"wp-image-1369\" srcset=\"https:\/\/pepperstrings.ch\/wp-content\/uploads\/2023\/06\/IMG_6021-300x169.jpeg 300w, https:\/\/pepperstrings.ch\/wp-content\/uploads\/2023\/06\/IMG_6021-1024x576.jpeg 1024w, https:\/\/pepperstrings.ch\/wp-content\/uploads\/2023\/06\/IMG_6021-768x432.jpeg 768w, https:\/\/pepperstrings.ch\/wp-content\/uploads\/2023\/06\/IMG_6021-1536x864.jpeg 1536w, https:\/\/pepperstrings.ch\/wp-content\/uploads\/2023\/06\/IMG_6021-2048x1152.jpeg 2048w, https:\/\/pepperstrings.ch\/wp-content\/uploads\/2023\/06\/IMG_6021-1920x1080.jpeg 1920w, https:\/\/pepperstrings.ch\/wp-content\/uploads\/2023\/06\/IMG_6021-1320x743.jpeg 1320w\" sizes=\"auto, (max-width: 300px) 100vw, 300px\" \/><\/figure>\n\n\n\n<p>29. Apr 23 Restaurant R\u00f6ssli, Adliswil<\/p>\n\n\n\n<p>21. Jan 23 Alpinit, Sarmenstorf<\/p>\n\n\n\n<p>22. Okt 22 Privatanlass, Wisen<\/p>\n\n\n\n<figure class=\"wp-block-image size-medium\"><img loading=\"lazy\" decoding=\"async\" width=\"300\" height=\"200\" src=\"https:\/\/pepperstrings.ch\/wp-content\/uploads\/2022\/09\/P1210833-300x200.jpg\" alt=\"\" class=\"wp-image-1281\" srcset=\"https:\/\/pepperstrings.ch\/wp-content\/uploads\/2022\/09\/P1210833-300x200.jpg 300w, https:\/\/pepperstrings.ch\/wp-content\/uploads\/2022\/09\/P1210833-1024x683.jpg 1024w, https:\/\/pepperstrings.ch\/wp-content\/uploads\/2022\/09\/P1210833-768x512.jpg 768w, https:\/\/pepperstrings.ch\/wp-content\/uploads\/2022\/09\/P1210833-1536x1024.jpg 1536w, https:\/\/pepperstrings.ch\/wp-content\/uploads\/2022\/09\/P1210833-2048x1365.jpg 2048w, https:\/\/pepperstrings.ch\/wp-content\/uploads\/2022\/09\/P1210833-420x280.jpg 420w, https:\/\/pepperstrings.ch\/wp-content\/uploads\/2022\/09\/P1210833-385x257.jpg 385w, https:\/\/pepperstrings.ch\/wp-content\/uploads\/2022\/09\/P1210833-1320x880.jpg 1320w\" sizes=\"auto, (max-width: 300px) 100vw, 300px\" \/><\/figure>\n\n\n\n<p>15. Okt 22 K\u00d6GA K\u00f6lliker, Gerwerbeausstellung<\/p>\n\n\n\n<p>3. Sep 22 Privatanlass, Wisen<\/p>\n\n\n\n<p>27. Aug 22 Restaurant Sonne, K\u00f6lliken<\/p>\n\n\n\n<figure class=\"wp-block-image size-medium\"><img loading=\"lazy\" decoding=\"async\" width=\"200\" height=\"300\" src=\"https:\/\/pepperstrings.ch\/wp-content\/uploads\/2022\/09\/P1210892-200x300.jpg\" alt=\"\" class=\"wp-image-1279\" srcset=\"https:\/\/pepperstrings.ch\/wp-content\/uploads\/2022\/09\/P1210892-200x300.jpg 200w, https:\/\/pepperstrings.ch\/wp-content\/uploads\/2022\/09\/P1210892-683x1024.jpg 683w, https:\/\/pepperstrings.ch\/wp-content\/uploads\/2022\/09\/P1210892-768x1152.jpg 768w, https:\/\/pepperstrings.ch\/wp-content\/uploads\/2022\/09\/P1210892-1024x1536.jpg 1024w, https:\/\/pepperstrings.ch\/wp-content\/uploads\/2022\/09\/P1210892-1365x2048.jpg 1365w, https:\/\/pepperstrings.ch\/wp-content\/uploads\/2022\/09\/P1210892-1320x1980.jpg 1320w, https:\/\/pepperstrings.ch\/wp-content\/uploads\/2022\/09\/P1210892-scaled.jpg 1707w\" sizes=\"auto, (max-width: 200px) 100vw, 200px\" \/><\/figure>\n\n\n\n<p>26. Mai 22 Auffahrtsfest Winznau<\/p>\n\n\n\n<p>21. Mai 22 Hoperia Muhen<\/p>\n\n\n\n<p>30. Apr 22 Gasthof Adler Emmenbr\u00fccke<\/p>\n\n\n\n<p>8. Apr 22 Sp\u00e4ktrum, K\u00f6lliken<\/p>\n\n\n\n<p>19. Mar 22 Manhattan Bar, Rheinfelden<\/p>\n\n\n\n<figure class=\"wp-block-image size-medium\"><img loading=\"lazy\" decoding=\"async\" width=\"300\" height=\"200\" src=\"https:\/\/pepperstrings.ch\/wp-content\/uploads\/2022\/03\/P1200482-300x200.jpg\" alt=\"\" class=\"wp-image-1085\" srcset=\"https:\/\/pepperstrings.ch\/wp-content\/uploads\/2022\/03\/P1200482-300x200.jpg 300w, https:\/\/pepperstrings.ch\/wp-content\/uploads\/2022\/03\/P1200482-1024x683.jpg 1024w, https:\/\/pepperstrings.ch\/wp-content\/uploads\/2022\/03\/P1200482-768x512.jpg 768w, https:\/\/pepperstrings.ch\/wp-content\/uploads\/2022\/03\/P1200482-1536x1024.jpg 1536w, https:\/\/pepperstrings.ch\/wp-content\/uploads\/2022\/03\/P1200482-2048x1365.jpg 2048w, https:\/\/pepperstrings.ch\/wp-content\/uploads\/2022\/03\/P1200482-420x280.jpg 420w, https:\/\/pepperstrings.ch\/wp-content\/uploads\/2022\/03\/P1200482-385x257.jpg 385w\" sizes=\"auto, (max-width: 300px) 100vw, 300px\" \/><\/figure>\n\n\n\n<p>6. Nov 21 Camping Generation, K\u00f6lliken<\/p>\n\n\n\n<figure class=\"wp-block-image size-medium is-resized\"><img loading=\"lazy\" decoding=\"async\" width=\"2316\" height=\"1044\" src=\"https:\/\/pepperstrings.ch\/wp-content\/uploads\/2024\/03\/20211106_142439-edited.jpg\" alt=\"\" class=\"wp-image-1606\" style=\"width:434px;height:auto\" srcset=\"https:\/\/pepperstrings.ch\/wp-content\/uploads\/2024\/03\/20211106_142439-edited.jpg 2316w, https:\/\/pepperstrings.ch\/wp-content\/uploads\/2024\/03\/20211106_142439-edited-300x135.jpg 300w, https:\/\/pepperstrings.ch\/wp-content\/uploads\/2024\/03\/20211106_142439-edited-1024x462.jpg 1024w, https:\/\/pepperstrings.ch\/wp-content\/uploads\/2024\/03\/20211106_142439-edited-768x346.jpg 768w, https:\/\/pepperstrings.ch\/wp-content\/uploads\/2024\/03\/20211106_142439-edited-1536x692.jpg 1536w, https:\/\/pepperstrings.ch\/wp-content\/uploads\/2024\/03\/20211106_142439-edited-2048x923.jpg 2048w\" sizes=\"auto, (max-width: 2316px) 100vw, 2316px\" \/><\/figure>\n\n\n\n<p>23. Okt 20 Privatkonzert, Dulliken<\/p>\n\n\n\n<p>18.\/19. Jul 20 Privatkonzert Wisen\/SO<\/p>\n\n\n\n<p>24. Sep 19 Sommerfest Little Ranch La Ferri\u00e8re<\/p>\n\n\n\n<figure class=\"wp-block-image size-medium is-resized\"><img loading=\"lazy\" decoding=\"async\" width=\"2560\" height=\"1707\" src=\"https:\/\/pepperstrings.ch\/wp-content\/uploads\/2024\/03\/P1120250-edited-scaled.jpg\" alt=\"\" class=\"wp-image-1607\" style=\"width:307px;height:auto\" srcset=\"https:\/\/pepperstrings.ch\/wp-content\/uploads\/2024\/03\/P1120250-edited-scaled.jpg 2560w, https:\/\/pepperstrings.ch\/wp-content\/uploads\/2024\/03\/P1120250-edited-300x200.jpg 300w, https:\/\/pepperstrings.ch\/wp-content\/uploads\/2024\/03\/P1120250-edited-1024x683.jpg 1024w, https:\/\/pepperstrings.ch\/wp-content\/uploads\/2024\/03\/P1120250-edited-768x512.jpg 768w, https:\/\/pepperstrings.ch\/wp-content\/uploads\/2024\/03\/P1120250-edited-1536x1024.jpg 1536w, https:\/\/pepperstrings.ch\/wp-content\/uploads\/2024\/03\/P1120250-edited-2048x1365.jpg 2048w, https:\/\/pepperstrings.ch\/wp-content\/uploads\/2024\/03\/P1120250-edited-420x280.jpg 420w, https:\/\/pepperstrings.ch\/wp-content\/uploads\/2024\/03\/P1120250-edited-385x257.jpg 385w\" sizes=\"auto, (max-width: 2560px) 100vw, 2560px\" \/><\/figure>\n\n\n\n<p>21. Apr 19 Begleitung Kirchenchor Holderbank AG<\/p>\n\n\n\n<p>22. Sep 18 Sommerfest Little Ranch La Ferri\u00e8re<\/p>\n\n\n\n<p>9. Dez 17&nbsp; Samichlaus-Konzert Rest. Zum Bogen Sch\u00f6ftland<\/p>\n\n\n\n<p>23. Sep 17 Sommerfest Little Ranch La Ferri\u00e8re<\/p>\n\n\n\n<p>17. Jun 17 Eisen-Biker Party Stammheim a. Main \/ D<\/p>\n\n\n\n<p>26. Nov 16 Benefiz-Konzert Zofingen<\/p>\n\n\n\n<p>09. Jul 16 Eisen-Biker Party Landgasthof Jossgrund \/ D<\/p>\n\n\n\n<p>30. Apr 16 Open Day, Motorwear Zeihen<\/p>\n\n\n\n<p>24. Nov 15 Linedance Gig Schafisheim<\/p>\n\n\n\n<p>12. Sep 15 Verein Treffpunkt Lotzwil<\/p>\n\n\n\n<p>08. Aug 15 Sommerparty Singlebikers Baden<\/p>\n\n\n\n<p>18. Apr 15 Open Day, Motorwear Zeihen<\/p>\n\n\n\n<p>24. M\u00e4r 15 Linedance Gig Schafisheim<\/p>\n\n\n\n<p>17. Jan 15 Januarlochparty Wangen a. A.<\/p>\n\n\n\n<p>16. Aug 14 Sommerparty Singlebikers Baden<\/p>\n\n\n\n<p>05. Jul 14 Galaheads Biker Party Wangen a. A.<\/p>\n\n\n\n<p>02. Jun 14 Go West Jam Aarau<\/p>\n\n\n\n<p>19. Apr 14 Open Day, Motorwear Zeihen<\/p>\n\n\n\n<p>10. Aug 13 Bikerparty Baden<\/p>\n\n\n\n<p>16. M\u00e4r 13 Army Shop Buchs<\/p>\n","protected":false},"excerpt":{"rendered":"<p>17. Jan 26 Privatanlass, Schlossrued 19. Sep 25 Sp\u00e4ktrum, K\u00f6lliken 28. Jun 25 Manhattan Bar, Rheinfelden 20. Jun 25 Openair Aeschbachhalle AHA, Aarau 21. Nov 24 Firmenjubil\u00e4um, Z\u00fcrich 21. Sep 24 St. Ursen Chilbi, Kestenholz 30. Aug 24 Sommerfest, K\u00f6lliken 29. Jun 24 Restaurant Sonne, <span class=\"read-more\"><a class=\"more-link btn btn-transparent\" href=\"https:\/\/pepperstrings.ch\/index.php\/referenzen\/\">Read More &#8230;<\/a><\/span><\/p>\n","protected":false},"author":1,"featured_media":0,"parent":0,"menu_order":0,"comment_status":"closed","ping_status":"closed","template":"","meta":{"footnotes":""},"folder":[],"class_list":["post-1605","page","type-page","status-publish","hentry"],"_links":{"self":[{"href":"https:\/\/pepperstrings.ch\/index.php\/wp-json\/wp\/v2\/pages\/1605","targetHints":{"allow":["GET"]}}],"collection":[{"href":"https:\/\/pepperstrings.ch\/index.php\/wp-json\/wp\/v2\/pages"}],"about":[{"href":"https:\/\/pepperstrings.ch\/index.php\/wp-json\/wp\/v2\/types\/page"}],"author":[{"embeddable":true,"href":"https:\/\/pepperstrings.ch\/index.php\/wp-json\/wp\/v2\/users\/1"}],"replies":[{"embeddable":true,"href":"https:\/\/pepperstrings.ch\/index.php\/wp-json\/wp\/v2\/comments?post=1605"}],"version-history":[{"count":13,"href":"https:\/\/pepperstrings.ch\/index.php\/wp-json\/wp\/v2\/pages\/1605\/revisions"}],"predecessor-version":[{"id":1852,"href":"https:\/\/pepperstrings.ch\/index.php\/wp-json\/wp\/v2\/pages\/1605\/revisions\/1852"}],"wp:attachment":[{"href":"https:\/\/pepperstrings.ch\/index.php\/wp-json\/wp\/v2\/media?parent=1605"}],"wp:term":[{"taxonomy":"folder","embeddable":true,"href":"https:\/\/pepperstrings.ch\/index.php\/wp-json\/wp\/v2\/folder?post=1605"}],"curies":[{"name":"wp","href":"https:\/\/api.w.org\/{rel}","templated":true}]}}